{"id":533,"date":"2023-08-13T15:24:07","date_gmt":"2023-08-13T18:24:07","guid":{"rendered":"https:\/\/rbsounds.com\/servicos\/"},"modified":"2024-09-15T00:23:18","modified_gmt":"2024-09-15T03:23:18","slug":"servicos","status":"publish","type":"page","link":"https:\/\/rbsounds.com\/pt-br\/servicos\/","title":{"rendered":"Servi\u00e7os"},"content":{"rendered":"\t\t<div data-elementor-type=\"wp-page\" data-elementor-id=\"533\" class=\"elementor elementor-533 elementor-36\" data-elementor-post-type=\"page\">\n\t\t\t\t<div class=\"elementor-element elementor-element-354ab56 e-con-full e-flex e-con e-parent\" data-id=\"354ab56\" data-element_type=\"container\">\n\t\t<div class=\"elementor-element elementor-element-a185450 e-con-full e-flex e-con e-child\" data-id=\"a185450\" data-element_type=\"container\">\n\t\t\t\t<div class=\"elementor-element elementor-element-0567154 elementor-widget elementor-widget-image\" data-id=\"0567154\" data-element_type=\"widget\" data-widget_type=\"image.default\">\n\t\t\t\t<div class=\"elementor-widget-container\">\n\t\t\t\t\t\t\t\t\t\t\t\t\t\t\t<img fetchpriority=\"high\" decoding=\"async\" width=\"1920\" height=\"500\" src=\"https:\/\/rbsounds.com\/wp-content\/uploads\/2024\/09\/rbsounds-sessions2-lr.png\" class=\"attachment-full size-full wp-image-848\" alt=\"Music Production, Composition and Events | RBSOUNDS\" srcset=\"https:\/\/rbsounds.com\/wp-content\/uploads\/2024\/09\/rbsounds-sessions2-lr.png 1920w, https:\/\/rbsounds.com\/wp-content\/uploads\/2024\/09\/rbsounds-sessions2-lr-300x78.png 300w, https:\/\/rbsounds.com\/wp-content\/uploads\/2024\/09\/rbsounds-sessions2-lr-1024x267.png 1024w, https:\/\/rbsounds.com\/wp-content\/uploads\/2024\/09\/rbsounds-sessions2-lr-768x200.png 768w, https:\/\/rbsounds.com\/wp-content\/uploads\/2024\/09\/rbsounds-sessions2-lr-1536x400.png 1536w\" sizes=\"(max-width: 1920px) 100vw, 1920px\" \/>\t\t\t\t\t\t\t\t\t\t\t\t\t\t\t<\/div>\n\t\t\t\t<\/div>\n\t\t\t\t<div class=\"elementor-element elementor-element-e668354 elementor-widget elementor-widget-heading\" data-id=\"e668354\" data-element_type=\"widget\" data-widget_type=\"heading.default\">\n\t\t\t\t<div class=\"elementor-widget-container\">\n\t\t\t\t\t<h1 class=\"elementor-heading-title elementor-size-default\">Servi\u00e7os<\/h1>\t\t\t\t<\/div>\n\t\t\t\t<\/div>\n\t\t\t\t<\/div>\n\t\t\t\t<\/div>\n\t\t<div class=\"elementor-element elementor-element-825065f e-flex e-con-boxed e-con e-parent\" data-id=\"825065f\" data-element_type=\"container\">\n\t\t\t\t\t<div class=\"e-con-inner\">\n\t\t<div class=\"elementor-element elementor-element-77a6f6f e-flex e-con-boxed e-con e-child\" data-id=\"77a6f6f\" data-element_type=\"container\">\n\t\t\t\t\t<div class=\"e-con-inner\">\n\t\t\t\t<div class=\"elementor-element elementor-element-b6769e7 elementor-widget__width-initial elementor-position-top elementor-widget elementor-widget-image-box\" data-id=\"b6769e7\" data-element_type=\"widget\" data-widget_type=\"image-box.default\">\n\t\t\t\t<div class=\"elementor-widget-container\">\n\t\t\t\t\t<div class=\"elementor-image-box-wrapper\"><figure class=\"elementor-image-box-img\"><img decoding=\"async\" width=\"512\" height=\"512\" data-src=\"https:\/\/rbsounds.com\/wp-content\/uploads\/2023\/08\/production.png\" class=\"attachment-full size-full wp-image-432 lazyload\" alt=\"Produ\u00e7\u00e3o Musical, Composi\u00e7\u00e3o e Eventos | RBSOUNDS\" data-srcset=\"https:\/\/rbsounds.com\/wp-content\/uploads\/2023\/08\/production.png 512w, https:\/\/rbsounds.com\/wp-content\/uploads\/2023\/08\/production-300x300.png 300w, https:\/\/rbsounds.com\/wp-content\/uploads\/2023\/08\/production-150x150.png 150w\" data-sizes=\"(max-width: 512px) 100vw, 512px\" src=\"data:image\/gif;base64,R0lGODlhAQABAAAAACH5BAEKAAEALAAAAAABAAEAAAICTAEAOw==\" style=\"--smush-placeholder-width: 512px; --smush-placeholder-aspect-ratio: 512\/512;\" \/><noscript><img decoding=\"async\" width=\"512\" height=\"512\" src=\"https:\/\/rbsounds.com\/wp-content\/uploads\/2023\/08\/production.png\" class=\"attachment-full size-full wp-image-432\" alt=\"Produ\u00e7\u00e3o Musical, Composi\u00e7\u00e3o e Eventos | RBSOUNDS\" srcset=\"https:\/\/rbsounds.com\/wp-content\/uploads\/2023\/08\/production.png 512w, https:\/\/rbsounds.com\/wp-content\/uploads\/2023\/08\/production-300x300.png 300w, https:\/\/rbsounds.com\/wp-content\/uploads\/2023\/08\/production-150x150.png 150w\" sizes=\"(max-width: 512px) 100vw, 512px\" \/><\/noscript><\/figure><div class=\"elementor-image-box-content\"><h3 class=\"elementor-image-box-title\">Produ\u00e7\u00e3o<\/h3><p class=\"elementor-image-box-description\">Este \u00e9 o conceito do seu projeto musical. Decidir can\u00e7\u00f5es, tonalidades, m\u00fasicos, est\u00fadios e\/ou locais para o pocket show.<\/p><\/div><\/div>\t\t\t\t<\/div>\n\t\t\t\t<\/div>\n\t\t\t\t<div class=\"elementor-element elementor-element-cca6d7c elementor-widget__width-initial elementor-widget-mobile__width-initial elementor-position-top elementor-widget elementor-widget-image-box\" data-id=\"cca6d7c\" data-element_type=\"widget\" data-widget_type=\"image-box.default\">\n\t\t\t\t<div class=\"elementor-widget-container\">\n\t\t\t\t\t<div class=\"elementor-image-box-wrapper\"><figure class=\"elementor-image-box-img\"><img decoding=\"async\" width=\"512\" height=\"512\" data-src=\"https:\/\/rbsounds.com\/wp-content\/uploads\/2023\/08\/arranging.png\" class=\"attachment-full size-full wp-image-431 lazyload\" alt=\"Produ\u00e7\u00e3o Musical, Composi\u00e7\u00e3o e Eventos | RBSOUNDS\" data-srcset=\"https:\/\/rbsounds.com\/wp-content\/uploads\/2023\/08\/arranging.png 512w, https:\/\/rbsounds.com\/wp-content\/uploads\/2023\/08\/arranging-300x300.png 300w, https:\/\/rbsounds.com\/wp-content\/uploads\/2023\/08\/arranging-150x150.png 150w\" data-sizes=\"(max-width: 512px) 100vw, 512px\" src=\"data:image\/gif;base64,R0lGODlhAQABAAAAACH5BAEKAAEALAAAAAABAAEAAAICTAEAOw==\" style=\"--smush-placeholder-width: 512px; --smush-placeholder-aspect-ratio: 512\/512;\" \/><noscript><img decoding=\"async\" width=\"512\" height=\"512\" src=\"https:\/\/rbsounds.com\/wp-content\/uploads\/2023\/08\/arranging.png\" class=\"attachment-full size-full wp-image-431\" alt=\"Produ\u00e7\u00e3o Musical, Composi\u00e7\u00e3o e Eventos | RBSOUNDS\" srcset=\"https:\/\/rbsounds.com\/wp-content\/uploads\/2023\/08\/arranging.png 512w, https:\/\/rbsounds.com\/wp-content\/uploads\/2023\/08\/arranging-300x300.png 300w, https:\/\/rbsounds.com\/wp-content\/uploads\/2023\/08\/arranging-150x150.png 150w\" sizes=\"(max-width: 512px) 100vw, 512px\" \/><\/noscript><\/figure><div class=\"elementor-image-box-content\"><h3 class=\"elementor-image-box-title\">Arranjos<\/h3><p class=\"elementor-image-box-description\">A banda entra em jogo. N\u00f3s contratamos os m\u00fasicos e aprimoramos as id\u00e9ias de produ\u00e7\u00e3o. Depois ensaiamos.<\/p><\/div><\/div>\t\t\t\t<\/div>\n\t\t\t\t<\/div>\n\t\t\t\t<div class=\"elementor-element elementor-element-54d6442 elementor-widget__width-initial elementor-widget-mobile__width-initial elementor-position-top elementor-widget elementor-widget-image-box\" data-id=\"54d6442\" data-element_type=\"widget\" data-widget_type=\"image-box.default\">\n\t\t\t\t<div class=\"elementor-widget-container\">\n\t\t\t\t\t<div class=\"elementor-image-box-wrapper\"><figure class=\"elementor-image-box-img\"><img loading=\"lazy\" decoding=\"async\" width=\"512\" height=\"512\" data-src=\"https:\/\/rbsounds.com\/wp-content\/uploads\/2023\/08\/recording-e1691972234589.png\" class=\"attachment-full size-full wp-image-435 lazyload\" alt=\"Produ\u00e7\u00e3o Musical, Composi\u00e7\u00e3o e Eventos | RBSOUNDS\" data-srcset=\"https:\/\/rbsounds.com\/wp-content\/uploads\/2023\/08\/recording-e1691972234589.png 512w, https:\/\/rbsounds.com\/wp-content\/uploads\/2023\/08\/recording-e1691972234589-300x300.png 300w, https:\/\/rbsounds.com\/wp-content\/uploads\/2023\/08\/recording-e1691972234589-150x150.png 150w\" data-sizes=\"(max-width: 512px) 100vw, 512px\" src=\"data:image\/gif;base64,R0lGODlhAQABAAAAACH5BAEKAAEALAAAAAABAAEAAAICTAEAOw==\" style=\"--smush-placeholder-width: 512px; --smush-placeholder-aspect-ratio: 512\/512;\" \/><noscript><img loading=\"lazy\" decoding=\"async\" width=\"512\" height=\"512\" src=\"https:\/\/rbsounds.com\/wp-content\/uploads\/2023\/08\/recording-e1691972234589.png\" class=\"attachment-full size-full wp-image-435\" alt=\"Produ\u00e7\u00e3o Musical, Composi\u00e7\u00e3o e Eventos | RBSOUNDS\" srcset=\"https:\/\/rbsounds.com\/wp-content\/uploads\/2023\/08\/recording-e1691972234589.png 512w, https:\/\/rbsounds.com\/wp-content\/uploads\/2023\/08\/recording-e1691972234589-300x300.png 300w, https:\/\/rbsounds.com\/wp-content\/uploads\/2023\/08\/recording-e1691972234589-150x150.png 150w\" sizes=\"(max-width: 512px) 100vw, 512px\" \/><\/noscript><\/figure><div class=\"elementor-image-box-content\"><h3 class=\"elementor-image-box-title\">Grava\u00e7\u00e3o<\/h3><p class=\"elementor-image-box-description\">Qual est\u00fadio \u00e9 melhor para o seu projeto? Um grande para gravar bateria e percuss\u00e3o ou um aconchegate para gravar voz? Talvez tudo isso.<\/p><\/div><\/div>\t\t\t\t<\/div>\n\t\t\t\t<\/div>\n\t\t\t\t<div class=\"elementor-element elementor-element-67521f0 elementor-widget__width-initial elementor-position-top elementor-widget elementor-widget-image-box\" data-id=\"67521f0\" data-element_type=\"widget\" data-widget_type=\"image-box.default\">\n\t\t\t\t<div class=\"elementor-widget-container\">\n\t\t\t\t\t<div class=\"elementor-image-box-wrapper\"><figure class=\"elementor-image-box-img\"><img loading=\"lazy\" decoding=\"async\" width=\"512\" height=\"512\" data-src=\"https:\/\/rbsounds.com\/wp-content\/uploads\/2023\/08\/mixing-1.png\" class=\"attachment-full size-full wp-image-433 lazyload\" alt=\"Produ\u00e7\u00e3o Musical, Composi\u00e7\u00e3o e Eventos | RBSOUNDS\" data-srcset=\"https:\/\/rbsounds.com\/wp-content\/uploads\/2023\/08\/mixing-1.png 512w, https:\/\/rbsounds.com\/wp-content\/uploads\/2023\/08\/mixing-1-300x300.png 300w, https:\/\/rbsounds.com\/wp-content\/uploads\/2023\/08\/mixing-1-150x150.png 150w\" data-sizes=\"(max-width: 512px) 100vw, 512px\" src=\"data:image\/gif;base64,R0lGODlhAQABAAAAACH5BAEKAAEALAAAAAABAAEAAAICTAEAOw==\" style=\"--smush-placeholder-width: 512px; --smush-placeholder-aspect-ratio: 512\/512;\" \/><noscript><img loading=\"lazy\" decoding=\"async\" width=\"512\" height=\"512\" src=\"https:\/\/rbsounds.com\/wp-content\/uploads\/2023\/08\/mixing-1.png\" class=\"attachment-full size-full wp-image-433\" alt=\"Produ\u00e7\u00e3o Musical, Composi\u00e7\u00e3o e Eventos | RBSOUNDS\" srcset=\"https:\/\/rbsounds.com\/wp-content\/uploads\/2023\/08\/mixing-1.png 512w, https:\/\/rbsounds.com\/wp-content\/uploads\/2023\/08\/mixing-1-300x300.png 300w, https:\/\/rbsounds.com\/wp-content\/uploads\/2023\/08\/mixing-1-150x150.png 150w\" sizes=\"(max-width: 512px) 100vw, 512px\" \/><\/noscript><\/figure><div class=\"elementor-image-box-content\"><h3 class=\"elementor-image-box-title\">Edi\u00e7\u00e3o\/Mixagem<\/h3><p class=\"elementor-image-box-description\">A arte de por tudo no tempo e afinado bem como balancear os intrumentos, distribuir no campo est\u00e9ro e aplicar efeitos.<\/p><\/div><\/div>\t\t\t\t<\/div>\n\t\t\t\t<\/div>\n\t\t\t\t<div class=\"elementor-element elementor-element-1fd9d66 elementor-widget__width-initial elementor-widget-mobile__width-initial elementor-position-top elementor-widget elementor-widget-image-box\" data-id=\"1fd9d66\" data-element_type=\"widget\" data-widget_type=\"image-box.default\">\n\t\t\t\t<div class=\"elementor-widget-container\">\n\t\t\t\t\t<div class=\"elementor-image-box-wrapper\"><figure class=\"elementor-image-box-img\"><img loading=\"lazy\" decoding=\"async\" width=\"512\" height=\"512\" data-src=\"https:\/\/rbsounds.com\/wp-content\/uploads\/2023\/08\/mastering-1.png\" class=\"attachment-full size-full wp-image-434 lazyload\" alt=\"Produ\u00e7\u00e3o Musical, Composi\u00e7\u00e3o e Eventos | RBSOUNDS\" data-srcset=\"https:\/\/rbsounds.com\/wp-content\/uploads\/2023\/08\/mastering-1.png 512w, https:\/\/rbsounds.com\/wp-content\/uploads\/2023\/08\/mastering-1-300x300.png 300w, https:\/\/rbsounds.com\/wp-content\/uploads\/2023\/08\/mastering-1-150x150.png 150w\" data-sizes=\"(max-width: 512px) 100vw, 512px\" src=\"data:image\/gif;base64,R0lGODlhAQABAAAAACH5BAEKAAEALAAAAAABAAEAAAICTAEAOw==\" style=\"--smush-placeholder-width: 512px; --smush-placeholder-aspect-ratio: 512\/512;\" \/><noscript><img loading=\"lazy\" decoding=\"async\" width=\"512\" height=\"512\" src=\"https:\/\/rbsounds.com\/wp-content\/uploads\/2023\/08\/mastering-1.png\" class=\"attachment-full size-full wp-image-434\" alt=\"Produ\u00e7\u00e3o Musical, Composi\u00e7\u00e3o e Eventos | RBSOUNDS\" srcset=\"https:\/\/rbsounds.com\/wp-content\/uploads\/2023\/08\/mastering-1.png 512w, https:\/\/rbsounds.com\/wp-content\/uploads\/2023\/08\/mastering-1-300x300.png 300w, https:\/\/rbsounds.com\/wp-content\/uploads\/2023\/08\/mastering-1-150x150.png 150w\" sizes=\"(max-width: 512px) 100vw, 512px\" \/><\/noscript><\/figure><div class=\"elementor-image-box-content\"><h3 class=\"elementor-image-box-title\">Masteriza\u00e7\u00e3o<\/h3><p class=\"elementor-image-box-description\">Os ajustes finais antes de lan\u00e7ar as can\u00e7\u00f5es nos Streamings ou at\u00e9 mesmo cd's. Volume e aspectos tonais s\u00e3o muito importantes aqui.<\/p><\/div><\/div>\t\t\t\t<\/div>\n\t\t\t\t<\/div>\n\t\t\t\t<div class=\"elementor-element elementor-element-3373222 elementor-widget__width-initial elementor-widget-mobile__width-initial elementor-position-top elementor-widget elementor-widget-image-box\" data-id=\"3373222\" data-element_type=\"widget\" data-widget_type=\"image-box.default\">\n\t\t\t\t<div class=\"elementor-widget-container\">\n\t\t\t\t\t<div class=\"elementor-image-box-wrapper\"><figure class=\"elementor-image-box-img\"><img loading=\"lazy\" decoding=\"async\" width=\"512\" height=\"512\" data-src=\"https:\/\/rbsounds.com\/wp-content\/uploads\/2023\/08\/video-e1691972244349.png\" class=\"attachment-full size-full wp-image-436 lazyload\" alt=\"Produ\u00e7\u00e3o Musical, Composi\u00e7\u00e3o e Eventos | RBSOUNDS\" data-srcset=\"https:\/\/rbsounds.com\/wp-content\/uploads\/2023\/08\/video-e1691972244349.png 512w, https:\/\/rbsounds.com\/wp-content\/uploads\/2023\/08\/video-e1691972244349-300x300.png 300w, https:\/\/rbsounds.com\/wp-content\/uploads\/2023\/08\/video-e1691972244349-150x150.png 150w\" data-sizes=\"(max-width: 512px) 100vw, 512px\" src=\"data:image\/gif;base64,R0lGODlhAQABAAAAACH5BAEKAAEALAAAAAABAAEAAAICTAEAOw==\" style=\"--smush-placeholder-width: 512px; --smush-placeholder-aspect-ratio: 512\/512;\" \/><noscript><img loading=\"lazy\" decoding=\"async\" width=\"512\" height=\"512\" src=\"https:\/\/rbsounds.com\/wp-content\/uploads\/2023\/08\/video-e1691972244349.png\" class=\"attachment-full size-full wp-image-436\" alt=\"Produ\u00e7\u00e3o Musical, Composi\u00e7\u00e3o e Eventos | RBSOUNDS\" srcset=\"https:\/\/rbsounds.com\/wp-content\/uploads\/2023\/08\/video-e1691972244349.png 512w, https:\/\/rbsounds.com\/wp-content\/uploads\/2023\/08\/video-e1691972244349-300x300.png 300w, https:\/\/rbsounds.com\/wp-content\/uploads\/2023\/08\/video-e1691972244349-150x150.png 150w\" sizes=\"(max-width: 512px) 100vw, 512px\" \/><\/noscript><\/figure><div class=\"elementor-image-box-content\"><h3 class=\"elementor-image-box-title\">Video\/Pocket Show<\/h3><p class=\"elementor-image-box-description\">Cada can\u00e7\u00e3o pode ter um v\u00eddeo para M\u00eddias Sociais e\/ou n\u00f3s podemos fazer um Pocket Show para apresentar sua m\u00fasica ao p\u00fablico.<\/p><\/div><\/div>\t\t\t\t<\/div>\n\t\t\t\t<\/div>\n\t\t\t\t\t<\/div>\n\t\t\t\t<\/div>\n\t\t\t\t\t<\/div>\n\t\t\t\t<\/div>\n\t\t\t\t<\/div>\n\t\t","protected":false},"excerpt":{"rendered":"<p>Servi\u00e7os Produ\u00e7\u00e3o Este \u00e9 o conceito do seu projeto musical. Decidir can\u00e7\u00f5es, tonalidades, m\u00fasicos, est\u00fadios e\/ou locais para o pocket show. Arranjos A banda entra em jogo. N\u00f3s contratamos os m\u00fasicos e aprimoramos as id\u00e9ias de produ\u00e7\u00e3o. Depois ensaiamos. Grava\u00e7\u00e3o Qual est\u00fadio \u00e9 melhor para o seu projeto? Um grande para gravar bateria e percuss\u00e3o [&hellip;]<\/p>\n","protected":false},"author":1,"featured_media":0,"parent":0,"menu_order":0,"comment_status":"closed","ping_status":"closed","template":"","meta":{"inline_featured_image":false,"_joinchat":[],"footnotes":""},"class_list":["post-533","page","type-page","status-publish","hentry"],"yoast_head":"<!-- This site is optimized with the Yoast SEO plugin v24.1 - https:\/\/yoast.com\/wordpress\/plugins\/seo\/ -->\n<title>Servi\u00e7os - Music Production | Produ\u00e7\u00e3o Musical | RBSOUNDS<\/title>\n<meta name=\"robots\" content=\"index, follow, max-snippet:-1, max-image-preview:large, max-video-preview:-1\" \/>\n<link rel=\"canonical\" href=\"https:\/\/rbsounds.com\/pt-br\/servicos\/\" \/>\n<meta property=\"og:locale\" content=\"pt_BR\" \/>\n<meta property=\"og:type\" content=\"article\" \/>\n<meta property=\"og:title\" content=\"Servi\u00e7os - Music Production | Produ\u00e7\u00e3o Musical | RBSOUNDS\" \/>\n<meta property=\"og:description\" content=\"Servi\u00e7os Produ\u00e7\u00e3o Este \u00e9 o conceito do seu projeto musical. Decidir can\u00e7\u00f5es, tonalidades, m\u00fasicos, est\u00fadios e\/ou locais para o pocket show. Arranjos A banda entra em jogo. N\u00f3s contratamos os m\u00fasicos e aprimoramos as id\u00e9ias de produ\u00e7\u00e3o. Depois ensaiamos. Grava\u00e7\u00e3o Qual est\u00fadio \u00e9 melhor para o seu projeto? Um grande para gravar bateria e percuss\u00e3o [&hellip;]\" \/>\n<meta property=\"og:url\" content=\"https:\/\/rbsounds.com\/pt-br\/servicos\/\" \/>\n<meta property=\"og:site_name\" content=\"Music Production | Produ\u00e7\u00e3o Musical | RBSOUNDS\" \/>\n<meta property=\"article:publisher\" content=\"http:\/\/facebook.com\/rbsoundsmusic\" \/>\n<meta property=\"article:modified_time\" content=\"2024-09-15T03:23:18+00:00\" \/>\n<meta property=\"og:image\" content=\"https:\/\/rbsounds.com\/wp-content\/uploads\/2024\/09\/rbsounds-sessions2-lr.png\" \/>\n<meta name=\"twitter:card\" content=\"summary_large_image\" \/>\n<meta name=\"twitter:site\" content=\"@raphaelbegosso\" \/>\n<meta name=\"twitter:label1\" content=\"Est. tempo de leitura\" \/>\n\t<meta name=\"twitter:data1\" content=\"1 minuto\" \/>\n<script type=\"application\/ld+json\" class=\"yoast-schema-graph\">{\"@context\":\"https:\/\/schema.org\",\"@graph\":[{\"@type\":\"WebPage\",\"@id\":\"https:\/\/rbsounds.com\/pt-br\/servicos\/\",\"url\":\"https:\/\/rbsounds.com\/pt-br\/servicos\/\",\"name\":\"Servi\u00e7os - Music Production | Produ\u00e7\u00e3o Musical | RBSOUNDS\",\"isPartOf\":{\"@id\":\"https:\/\/rbsounds.com\/pt-br\/#website\"},\"primaryImageOfPage\":{\"@id\":\"https:\/\/rbsounds.com\/pt-br\/servicos\/#primaryimage\"},\"image\":{\"@id\":\"https:\/\/rbsounds.com\/pt-br\/servicos\/#primaryimage\"},\"thumbnailUrl\":\"https:\/\/rbsounds.com\/wp-content\/uploads\/2024\/09\/rbsounds-sessions2-lr.png\",\"datePublished\":\"2023-08-13T18:24:07+00:00\",\"dateModified\":\"2024-09-15T03:23:18+00:00\",\"breadcrumb\":{\"@id\":\"https:\/\/rbsounds.com\/pt-br\/servicos\/#breadcrumb\"},\"inLanguage\":\"pt-BR\",\"potentialAction\":[{\"@type\":\"ReadAction\",\"target\":[\"https:\/\/rbsounds.com\/pt-br\/servicos\/\"]}]},{\"@type\":\"ImageObject\",\"inLanguage\":\"pt-BR\",\"@id\":\"https:\/\/rbsounds.com\/pt-br\/servicos\/#primaryimage\",\"url\":\"https:\/\/rbsounds.com\/wp-content\/uploads\/2024\/09\/rbsounds-sessions2-lr.png\",\"contentUrl\":\"https:\/\/rbsounds.com\/wp-content\/uploads\/2024\/09\/rbsounds-sessions2-lr.png\"},{\"@type\":\"BreadcrumbList\",\"@id\":\"https:\/\/rbsounds.com\/pt-br\/servicos\/#breadcrumb\",\"itemListElement\":[{\"@type\":\"ListItem\",\"position\":1,\"name\":\"Home\",\"item\":\"https:\/\/rbsounds.com\/pt-br\/home\/\"},{\"@type\":\"ListItem\",\"position\":2,\"name\":\"Servi\u00e7os\"}]},{\"@type\":\"WebSite\",\"@id\":\"https:\/\/rbsounds.com\/pt-br\/#website\",\"url\":\"https:\/\/rbsounds.com\/pt-br\/\",\"name\":\"Music Production | Produ\u00e7\u00e3o Musical | RBSOUNDS\",\"description\":\"We make your musical projects come true - production and recording | N\u00f3s realizamos o seu projeto musical - produ\u00e7\u00e3o, grava\u00e7\u00e3o e lan\u00e7amentos\",\"publisher\":{\"@id\":\"https:\/\/rbsounds.com\/pt-br\/#organization\"},\"potentialAction\":[{\"@type\":\"SearchAction\",\"target\":{\"@type\":\"EntryPoint\",\"urlTemplate\":\"https:\/\/rbsounds.com\/pt-br\/?s={search_term_string}\"},\"query-input\":{\"@type\":\"PropertyValueSpecification\",\"valueRequired\":true,\"valueName\":\"search_term_string\"}}],\"inLanguage\":\"pt-BR\"},{\"@type\":\"Organization\",\"@id\":\"https:\/\/rbsounds.com\/pt-br\/#organization\",\"name\":\"Music Production | Produ\u00e7\u00e3o Musical | RBSOUNDS\",\"url\":\"https:\/\/rbsounds.com\/pt-br\/\",\"logo\":{\"@type\":\"ImageObject\",\"inLanguage\":\"pt-BR\",\"@id\":\"https:\/\/rbsounds.com\/pt-br\/#\/schema\/logo\/image\/\",\"url\":\"https:\/\/rbsounds.com\/wp-content\/uploads\/2023\/08\/main-logo-black-typo.svg\",\"contentUrl\":\"https:\/\/rbsounds.com\/wp-content\/uploads\/2023\/08\/main-logo-black-typo.svg\",\"width\":100,\"height\":100,\"caption\":\"Music Production | Produ\u00e7\u00e3o Musical | RBSOUNDS\"},\"image\":{\"@id\":\"https:\/\/rbsounds.com\/pt-br\/#\/schema\/logo\/image\/\"},\"sameAs\":[\"http:\/\/facebook.com\/rbsoundsmusic\",\"https:\/\/x.com\/raphaelbegosso\",\"http:\/\/instagram.com\/raphaelbegosso\/\",\"http:\/\/youtube.com\/rbsoundsmusic\",\"http:\/\/www.tiktok.com\/@raphaelbegosso\"]}]}<\/script>\n<!-- \/ Yoast SEO plugin. -->","yoast_head_json":{"title":"Servi\u00e7os - Music Production | Produ\u00e7\u00e3o Musical | RBSOUNDS","robots":{"index":"index","follow":"follow","max-snippet":"max-snippet:-1","max-image-preview":"max-image-preview:large","max-video-preview":"max-video-preview:-1"},"canonical":"https:\/\/rbsounds.com\/pt-br\/servicos\/","og_locale":"pt_BR","og_type":"article","og_title":"Servi\u00e7os - Music Production | Produ\u00e7\u00e3o Musical | RBSOUNDS","og_description":"Servi\u00e7os Produ\u00e7\u00e3o Este \u00e9 o conceito do seu projeto musical. Decidir can\u00e7\u00f5es, tonalidades, m\u00fasicos, est\u00fadios e\/ou locais para o pocket show. Arranjos A banda entra em jogo. N\u00f3s contratamos os m\u00fasicos e aprimoramos as id\u00e9ias de produ\u00e7\u00e3o. Depois ensaiamos. Grava\u00e7\u00e3o Qual est\u00fadio \u00e9 melhor para o seu projeto? Um grande para gravar bateria e percuss\u00e3o [&hellip;]","og_url":"https:\/\/rbsounds.com\/pt-br\/servicos\/","og_site_name":"Music Production | Produ\u00e7\u00e3o Musical | RBSOUNDS","article_publisher":"http:\/\/facebook.com\/rbsoundsmusic","article_modified_time":"2024-09-15T03:23:18+00:00","og_image":[{"url":"https:\/\/rbsounds.com\/wp-content\/uploads\/2024\/09\/rbsounds-sessions2-lr.png","type":"","width":"","height":""}],"twitter_card":"summary_large_image","twitter_site":"@raphaelbegosso","twitter_misc":{"Est. tempo de leitura":"1 minuto"},"schema":{"@context":"https:\/\/schema.org","@graph":[{"@type":"WebPage","@id":"https:\/\/rbsounds.com\/pt-br\/servicos\/","url":"https:\/\/rbsounds.com\/pt-br\/servicos\/","name":"Servi\u00e7os - Music Production | Produ\u00e7\u00e3o Musical | RBSOUNDS","isPartOf":{"@id":"https:\/\/rbsounds.com\/pt-br\/#website"},"primaryImageOfPage":{"@id":"https:\/\/rbsounds.com\/pt-br\/servicos\/#primaryimage"},"image":{"@id":"https:\/\/rbsounds.com\/pt-br\/servicos\/#primaryimage"},"thumbnailUrl":"https:\/\/rbsounds.com\/wp-content\/uploads\/2024\/09\/rbsounds-sessions2-lr.png","datePublished":"2023-08-13T18:24:07+00:00","dateModified":"2024-09-15T03:23:18+00:00","breadcrumb":{"@id":"https:\/\/rbsounds.com\/pt-br\/servicos\/#breadcrumb"},"inLanguage":"pt-BR","potentialAction":[{"@type":"ReadAction","target":["https:\/\/rbsounds.com\/pt-br\/servicos\/"]}]},{"@type":"ImageObject","inLanguage":"pt-BR","@id":"https:\/\/rbsounds.com\/pt-br\/servicos\/#primaryimage","url":"https:\/\/rbsounds.com\/wp-content\/uploads\/2024\/09\/rbsounds-sessions2-lr.png","contentUrl":"https:\/\/rbsounds.com\/wp-content\/uploads\/2024\/09\/rbsounds-sessions2-lr.png"},{"@type":"BreadcrumbList","@id":"https:\/\/rbsounds.com\/pt-br\/servicos\/#breadcrumb","itemListElement":[{"@type":"ListItem","position":1,"name":"Home","item":"https:\/\/rbsounds.com\/pt-br\/home\/"},{"@type":"ListItem","position":2,"name":"Servi\u00e7os"}]},{"@type":"WebSite","@id":"https:\/\/rbsounds.com\/pt-br\/#website","url":"https:\/\/rbsounds.com\/pt-br\/","name":"Music Production | Produ\u00e7\u00e3o Musical | RBSOUNDS","description":"We make your musical projects come true - production and recording | N\u00f3s realizamos o seu projeto musical - produ\u00e7\u00e3o, grava\u00e7\u00e3o e lan\u00e7amentos","publisher":{"@id":"https:\/\/rbsounds.com\/pt-br\/#organization"},"potentialAction":[{"@type":"SearchAction","target":{"@type":"EntryPoint","urlTemplate":"https:\/\/rbsounds.com\/pt-br\/?s={search_term_string}"},"query-input":{"@type":"PropertyValueSpecification","valueRequired":true,"valueName":"search_term_string"}}],"inLanguage":"pt-BR"},{"@type":"Organization","@id":"https:\/\/rbsounds.com\/pt-br\/#organization","name":"Music Production | Produ\u00e7\u00e3o Musical | RBSOUNDS","url":"https:\/\/rbsounds.com\/pt-br\/","logo":{"@type":"ImageObject","inLanguage":"pt-BR","@id":"https:\/\/rbsounds.com\/pt-br\/#\/schema\/logo\/image\/","url":"https:\/\/rbsounds.com\/wp-content\/uploads\/2023\/08\/main-logo-black-typo.svg","contentUrl":"https:\/\/rbsounds.com\/wp-content\/uploads\/2023\/08\/main-logo-black-typo.svg","width":100,"height":100,"caption":"Music Production | Produ\u00e7\u00e3o Musical | RBSOUNDS"},"image":{"@id":"https:\/\/rbsounds.com\/pt-br\/#\/schema\/logo\/image\/"},"sameAs":["http:\/\/facebook.com\/rbsoundsmusic","https:\/\/x.com\/raphaelbegosso","http:\/\/instagram.com\/raphaelbegosso\/","http:\/\/youtube.com\/rbsoundsmusic","http:\/\/www.tiktok.com\/@raphaelbegosso"]}]}},"_links":{"self":[{"href":"https:\/\/rbsounds.com\/pt-br\/wp-json\/wp\/v2\/pages\/533","targetHints":{"allow":["GET"]}}],"collection":[{"href":"https:\/\/rbsounds.com\/pt-br\/wp-json\/wp\/v2\/pages"}],"about":[{"href":"https:\/\/rbsounds.com\/pt-br\/wp-json\/wp\/v2\/types\/page"}],"author":[{"embeddable":true,"href":"https:\/\/rbsounds.com\/pt-br\/wp-json\/wp\/v2\/users\/1"}],"replies":[{"embeddable":true,"href":"https:\/\/rbsounds.com\/pt-br\/wp-json\/wp\/v2\/comments?post=533"}],"version-history":[{"count":10,"href":"https:\/\/rbsounds.com\/pt-br\/wp-json\/wp\/v2\/pages\/533\/revisions"}],"predecessor-version":[{"id":869,"href":"https:\/\/rbsounds.com\/pt-br\/wp-json\/wp\/v2\/pages\/533\/revisions\/869"}],"wp:attachment":[{"href":"https:\/\/rbsounds.com\/pt-br\/wp-json\/wp\/v2\/media?parent=533"}],"curies":[{"name":"wp","href":"https:\/\/api.w.org\/{rel}","templated":true}]}}