{"id":509,"date":"2023-08-13T15:22:59","date_gmt":"2023-08-13T18:22:59","guid":{"rendered":"https:\/\/rbsounds.com\/contato\/"},"modified":"2024-09-15T00:18:49","modified_gmt":"2024-09-15T03:18:49","slug":"contato","status":"publish","type":"page","link":"https:\/\/rbsounds.com\/pt-br\/contato\/","title":{"rendered":"Contato"},"content":{"rendered":"\t\t<div data-elementor-type=\"wp-page\" data-elementor-id=\"509\" class=\"elementor elementor-509 elementor-34\" data-elementor-post-type=\"page\">\n\t\t\t\t<div class=\"elementor-element elementor-element-fc5ec28 e-con-full e-flex e-con e-parent\" data-id=\"fc5ec28\" data-element_type=\"container\">\n\t\t<div class=\"elementor-element elementor-element-7b51033 e-con-full e-flex e-con e-child\" data-id=\"7b51033\" data-element_type=\"container\">\n\t\t\t\t<div class=\"elementor-element elementor-element-62ab235 elementor-widget elementor-widget-image\" data-id=\"62ab235\" data-element_type=\"widget\" data-widget_type=\"image.default\">\n\t\t\t\t<div class=\"elementor-widget-container\">\n\t\t\t\t\t\t\t\t\t\t\t\t\t\t\t<img fetchpriority=\"high\" decoding=\"async\" width=\"1920\" height=\"500\" src=\"https:\/\/rbsounds.com\/wp-content\/uploads\/2024\/09\/rbsounds-sessions2-lr.png\" class=\"attachment-full size-full wp-image-848\" alt=\"Music Production, Composition and Events | RBSOUNDS\" srcset=\"https:\/\/rbsounds.com\/wp-content\/uploads\/2024\/09\/rbsounds-sessions2-lr.png 1920w, https:\/\/rbsounds.com\/wp-content\/uploads\/2024\/09\/rbsounds-sessions2-lr-300x78.png 300w, https:\/\/rbsounds.com\/wp-content\/uploads\/2024\/09\/rbsounds-sessions2-lr-1024x267.png 1024w, https:\/\/rbsounds.com\/wp-content\/uploads\/2024\/09\/rbsounds-sessions2-lr-768x200.png 768w, https:\/\/rbsounds.com\/wp-content\/uploads\/2024\/09\/rbsounds-sessions2-lr-1536x400.png 1536w\" sizes=\"(max-width: 1920px) 100vw, 1920px\" \/>\t\t\t\t\t\t\t\t\t\t\t\t\t\t\t<\/div>\n\t\t\t\t<\/div>\n\t\t\t\t<div class=\"elementor-element elementor-element-950315b elementor-widget elementor-widget-heading\" data-id=\"950315b\" data-element_type=\"widget\" data-widget_type=\"heading.default\">\n\t\t\t\t<div class=\"elementor-widget-container\">\n\t\t\t\t\t<h1 class=\"elementor-heading-title elementor-size-default\">Contato<\/h1>\t\t\t\t<\/div>\n\t\t\t\t<\/div>\n\t\t\t\t<\/div>\n\t\t\t\t<\/div>\n\t\t<div class=\"elementor-element elementor-element-173f054 e-flex e-con-boxed e-con e-parent\" data-id=\"173f054\" data-element_type=\"container\">\n\t\t\t\t\t<div class=\"e-con-inner\">\n\t\t<div class=\"elementor-element elementor-element-ca0a17e e-flex e-con-boxed e-con e-child\" data-id=\"ca0a17e\" data-element_type=\"container\">\n\t\t\t\t\t<div class=\"e-con-inner\">\n\t\t\t\t<div class=\"elementor-element elementor-element-e582e8f elementor-widget elementor-widget-text-editor\" data-id=\"e582e8f\" data-element_type=\"widget\" data-widget_type=\"text-editor.default\">\n\t\t\t\t<div class=\"elementor-widget-container\">\n\t\t\t\t\t\t\t\t\t<p style=\"text-align: center;\">Se voc\u00ea tiver alguma d\u00favida ou se voc\u00ea quiser fazer um or\u00e7amento, por favor, nos envie uma mensagem. N\u00f3s responderemos em 24h ou menos.<\/p>\n<\/p>\n<p style=\"text-align: center;\"><a href=\"http:\/\/api.whatsapp.com\/send?1=en_US&amp;phone=5511988885795\" target=\"_blank\" rel=\"noopener\"><picture><source data-srcset=\"https:\/\/raphaelbegosso.com\/wp-content\/webp-express\/webp-images\/uploads\/2018\/09\/whatsapp.png.webp 64w, https:\/\/raphaelbegosso.com\/wp-content\/webp-express\/webp-images\/uploads\/2018\/09\/whatsapp-36x36.png.webp 36w\" type=\"image\/webp\" data-sizes=\"(max-width:767px) 35px, 35px\"><\/source><\/picture><\/a><a href=\"http:\/\/api.whatsapp.com\/send?1=en_US&amp;phone=5511988885795\"><img decoding=\"async\" class=\"alignnone size-full wp-image-330 lazyload\" data-src=\"https:\/\/rbsounds.com\/wp-content\/uploads\/2023\/08\/whatsapp.png.webp\" alt=\"Music Production, Composition and Events | RBSOUNDS\" width=\"64\" height=\"64\" src=\"data:image\/gif;base64,R0lGODlhAQABAAAAACH5BAEKAAEALAAAAAABAAEAAAICTAEAOw==\" style=\"--smush-placeholder-width: 64px; --smush-placeholder-aspect-ratio: 64\/64;\"><noscript><img decoding=\"async\" class=\"alignnone size-full wp-image-330\" src=\"https:\/\/rbsounds.com\/wp-content\/uploads\/2023\/08\/whatsapp.png.webp\" alt=\"Music Production, Composition and Events | RBSOUNDS\" width=\"64\" height=\"64\"><\/noscript><\/a><picture><\/picture><\/p>\n<p style=\"text-align: center;\"><a href=\"http:\/\/api.whatsapp.com\/send?1=en_US&amp;phone=5511988885795\" target=\"_blank\" rel=\"noopener\"><span style=\"color: #d3b200;\">WhatsApp<\/span><\/a><\/p>\n<p class=\"s77\" style=\"text-align: center;\"><span class=\"s23\">e-mail<\/span><span class=\"s19\">: <a href=\"mailto:info@rbsounds.com\"><span style=\"color: #d3b200;\">info@rbsounds.com<\/span><\/a><\/span><\/p>\n<p><a href=\"skype:raphael.begosso?chat\"><img decoding=\"async\" class=\"size-full wp-image-331 aligncenter lazyload\" data-src=\"https:\/\/rbsounds.com\/wp-content\/uploads\/2023\/08\/skype.png\" alt=\"Music Production, Composition and Events | RBSOUNDS\" width=\"147\" height=\"67\" src=\"data:image\/gif;base64,R0lGODlhAQABAAAAACH5BAEKAAEALAAAAAABAAEAAAICTAEAOw==\" style=\"--smush-placeholder-width: 147px; --smush-placeholder-aspect-ratio: 147\/67;\"><noscript><img decoding=\"async\" class=\"size-full wp-image-331 aligncenter\" src=\"https:\/\/rbsounds.com\/wp-content\/uploads\/2023\/08\/skype.png\" alt=\"Music Production, Composition and Events | RBSOUNDS\" width=\"147\" height=\"67\"><\/noscript><\/a><\/p>\n<p style=\"text-align: center;\"><a href=\"skype:raphael.begosso?chat\" target=\"_blank\" rel=\"noopener\"><span style=\"color: #d3b200;\">conversar no skype<\/span><\/a><\/p>\n<p style=\"text-align: center;\">Tamb\u00e9m temos um n\u00famero americano, entre em contato por SMS ou WhatsApp (preferivelmente):<\/p>\n<p style=\"text-align: center;\"><span style=\"color: #d3b200;\"><a style=\"color: #d3b200;\" href=\"tel:+14706154651\" target=\"_blank\" rel=\"noopener\">+1 (470) 615 \u2013 4651<\/a><\/span><\/p>\n<p style=\"text-align: center;\"><a href=\"http:\/\/api.whatsapp.com\/send?1=en_US&amp;phone=14706154651\" target=\"_blank\" rel=\"noopener\"><span style=\"color: #d3b200;\">+1 (470) 615 \u2013 4651 (WhatsApp)<\/span><\/a><\/p>\n\t\t\t\t\t\t\t\t<\/div>\n\t\t\t\t<\/div>\n\t\t\t\t<div class=\"elementor-element elementor-element-34d0c92 elementor-widget__width-initial elementor-widget elementor-widget-heading\" data-id=\"34d0c92\" data-element_type=\"widget\" data-widget_type=\"heading.default\">\n\t\t\t\t<div class=\"elementor-widget-container\">\n\t\t\t\t\t<h2 class=\"elementor-heading-title elementor-size-default\">Or\u00e7amento<\/h2>\t\t\t\t<\/div>\n\t\t\t\t<\/div>\n\t\t\t\t<div class=\"elementor-element elementor-element-8aa271b elementor-button-align-stretch elementor-widget elementor-widget-form\" data-id=\"8aa271b\" data-element_type=\"widget\" data-settings=\"{&quot;step_next_label&quot;:&quot;Seguinte&quot;,&quot;step_previous_label&quot;:&quot;Anterior&quot;,&quot;step_type&quot;:&quot;progress_bar&quot;,&quot;button_width&quot;:&quot;100&quot;}\" data-widget_type=\"form.default\">\n\t\t\t\t<div class=\"elementor-widget-container\">\n\t\t\t\t\t\t\t<form class=\"elementor-form\" method=\"post\" name=\"Novo Formul\u00e1rio\">\n\t\t\t<input type=\"hidden\" name=\"post_id\" value=\"509\"\/>\n\t\t\t<input type=\"hidden\" name=\"form_id\" value=\"8aa271b\"\/>\n\t\t\t<input type=\"hidden\" name=\"referer_title\" value=\"Music Production | Produ\u00e7\u00e3o Musical | RBSOUNDS\" \/>\n\n\t\t\t\n\t\t\t<div class=\"elementor-form-fields-wrapper elementor-labels-above\">\n\t\t\t\t\t\t\t\t<div class=\"elementor-field-type-step elementor-field-group elementor-column elementor-field-group-field_bf5430a elementor-col-100\">\n\t\t\t\t\t\t\t<div class=\"e-field-step elementor-hidden\" data-label=\"\" data-previousButton=\"\" data-nextButton=\"\" data-iconUrl=\"\" data-iconLibrary=\"fas fa-star\" data-icon=\"&lt;svg class=&quot;e-font-icon-svg e-fas-star&quot; viewBox=&quot;0 0 576 512&quot; xmlns=&quot;http:\/\/www.w3.org\/2000\/svg&quot;&gt;&lt;path d=&quot;M259.3 17.8L194 150.2 47.9 171.5c-26.2 3.8-36.7 36.1-17.7 54.6l105.7 103-25 145.5c-4.5 26.3 23.2 46 46.4 33.7L288 439.6l130.7 68.7c23.2 12.2 50.9-7.4 46.4-33.7l-25-145.5 105.7-103c19-18.5 8.5-50.8-17.7-54.6L382 150.2 316.7 17.8c-11.7-23.6-45.6-23.9-57.4 0z&quot;&gt;&lt;\/path&gt;&lt;\/svg&gt;\" ><\/div>\n\n\t\t\t\t\t\t<\/div>\n\t\t\t\t\t\t\t\t<div class=\"elementor-field-type-text elementor-field-group elementor-column elementor-field-group-name elementor-col-100 elementor-field-required elementor-mark-required\">\n\t\t\t\t\t\t\t\t\t\t\t\t<label for=\"form-field-name\" class=\"elementor-field-label\">\n\t\t\t\t\t\t\t\tNome\t\t\t\t\t\t\t<\/label>\n\t\t\t\t\t\t\t\t\t\t\t\t\t\t<input size=\"1\" type=\"text\" name=\"form_fields[name]\" id=\"form-field-name\" class=\"elementor-field elementor-size-sm  elementor-field-textual\" placeholder=\"Nome\" required=\"required\" aria-required=\"true\">\n\t\t\t\t\t\t\t\t\t\t\t<\/div>\n\t\t\t\t\t\t\t\t<div class=\"elementor-field-type-email elementor-field-group elementor-column elementor-field-group-email elementor-col-100 elementor-field-required elementor-mark-required\">\n\t\t\t\t\t\t\t\t\t\t\t\t<label for=\"form-field-email\" class=\"elementor-field-label\">\n\t\t\t\t\t\t\t\tEmail\t\t\t\t\t\t\t<\/label>\n\t\t\t\t\t\t\t\t\t\t\t\t\t\t<input size=\"1\" type=\"email\" name=\"form_fields[email]\" id=\"form-field-email\" class=\"elementor-field elementor-size-sm  elementor-field-textual\" placeholder=\"Email\" required=\"required\" aria-required=\"true\">\n\t\t\t\t\t\t\t\t\t\t\t<\/div>\n\t\t\t\t\t\t\t\t<div class=\"elementor-field-type-tel elementor-field-group elementor-column elementor-field-group-field_0863943 elementor-col-100 elementor-field-required elementor-mark-required\">\n\t\t\t\t\t\t\t\t\t\t\t\t<label for=\"form-field-field_0863943\" class=\"elementor-field-label\">\n\t\t\t\t\t\t\t\tN\u00famero de SMS ou WhatsApp\t\t\t\t\t\t\t<\/label>\n\t\t\t\t\t\t\t\t<input size=\"1\" type=\"tel\" name=\"form_fields[field_0863943]\" id=\"form-field-field_0863943\" class=\"elementor-field elementor-size-sm  elementor-field-textual\" placeholder=\"Por favor inclua c\u00f3digo de pa\u00eds e DDD\" required=\"required\" aria-required=\"true\" pattern=\"[0-9()#&amp;+*-=.]+\" title=\"Apenas n\u00fameros e caracteres de telefone (#, -, *, etc.) s\u00e3o aceitos.\">\n\n\t\t\t\t\t\t<\/div>\n\t\t\t\t\t\t\t\t<div class=\"elementor-field-type-step elementor-field-group elementor-column elementor-field-group-field_e95cb1d elementor-col-100\">\n\t\t\t\t\t\t\t<div class=\"e-field-step elementor-hidden\" data-label=\"\" data-previousButton=\"\" data-nextButton=\"\" data-iconUrl=\"\" data-iconLibrary=\"fas fa-star\" data-icon=\"&lt;svg class=&quot;e-font-icon-svg e-fas-star&quot; viewBox=&quot;0 0 576 512&quot; xmlns=&quot;http:\/\/www.w3.org\/2000\/svg&quot;&gt;&lt;path d=&quot;M259.3 17.8L194 150.2 47.9 171.5c-26.2 3.8-36.7 36.1-17.7 54.6l105.7 103-25 145.5c-4.5 26.3 23.2 46 46.4 33.7L288 439.6l130.7 68.7c23.2 12.2 50.9-7.4 46.4-33.7l-25-145.5 105.7-103c19-18.5 8.5-50.8-17.7-54.6L382 150.2 316.7 17.8c-11.7-23.6-45.6-23.9-57.4 0z&quot;&gt;&lt;\/path&gt;&lt;\/svg&gt;\" ><\/div>\n\n\t\t\t\t\t\t<\/div>\n\t\t\t\t\t\t\t\t<div class=\"elementor-field-type-checkbox elementor-field-group elementor-column elementor-field-group-field_3a2c7db elementor-col-100\">\n\t\t\t\t\t\t\t\t\t\t\t\t<label for=\"form-field-field_3a2c7db\" class=\"elementor-field-label\">\n\t\t\t\t\t\t\t\tServi\u00e7os (marque todos que se aplicam)*\t\t\t\t\t\t\t<\/label>\n\t\t\t\t\t\t<div class=\"elementor-field-subgroup  \"><span class=\"elementor-field-option\"><input type=\"checkbox\" value=\"Produ\u00e7\u00e3o Arranjos Grava\u00e7\u00e3o de \u00e1udio Edi\u00e7\u00e3o Mixagem Masteriza\u00e7\u00e3o Grava\u00e7\u00e3o de V\u00eddeo para Show Outros\" id=\"form-field-field_3a2c7db-0\" name=\"form_fields[field_3a2c7db]\"> <label for=\"form-field-field_3a2c7db-0\">Produ\u00e7\u00e3o Arranjos Grava\u00e7\u00e3o de \u00e1udio Edi\u00e7\u00e3o Mixagem Masteriza\u00e7\u00e3o Grava\u00e7\u00e3o de V\u00eddeo para Show Outros<\/label><\/span><\/div>\t\t\t\t<\/div>\n\t\t\t\t\t\t\t\t<div class=\"elementor-field-type-step elementor-field-group elementor-column elementor-field-group-field_470e684 elementor-col-100\">\n\t\t\t\t\t\t\t<div class=\"e-field-step elementor-hidden\" data-label=\"\" data-previousButton=\"\" data-nextButton=\"\" data-iconUrl=\"\" data-iconLibrary=\"fas fa-star\" data-icon=\"&lt;svg class=&quot;e-font-icon-svg e-fas-star&quot; viewBox=&quot;0 0 576 512&quot; xmlns=&quot;http:\/\/www.w3.org\/2000\/svg&quot;&gt;&lt;path d=&quot;M259.3 17.8L194 150.2 47.9 171.5c-26.2 3.8-36.7 36.1-17.7 54.6l105.7 103-25 145.5c-4.5 26.3 23.2 46 46.4 33.7L288 439.6l130.7 68.7c23.2 12.2 50.9-7.4 46.4-33.7l-25-145.5 105.7-103c19-18.5 8.5-50.8-17.7-54.6L382 150.2 316.7 17.8c-11.7-23.6-45.6-23.9-57.4 0z&quot;&gt;&lt;\/path&gt;&lt;\/svg&gt;\" ><\/div>\n\n\t\t\t\t\t\t<\/div>\n\t\t\t\t\t\t\t\t<div class=\"elementor-field-type-text elementor-field-group elementor-column elementor-field-group-subject elementor-col-100 elementor-field-required elementor-mark-required\">\n\t\t\t\t\t\t\t\t\t\t\t\t<label for=\"form-field-subject\" class=\"elementor-field-label\">\n\t\t\t\t\t\t\t\tAssunto\t\t\t\t\t\t\t<\/label>\n\t\t\t\t\t\t\t\t\t\t\t\t\t\t<input size=\"1\" type=\"text\" name=\"form_fields[subject]\" id=\"form-field-subject\" class=\"elementor-field elementor-size-sm  elementor-field-textual\" placeholder=\"Assunto\" required=\"required\" aria-required=\"true\">\n\t\t\t\t\t\t\t\t\t\t\t<\/div>\n\t\t\t\t\t\t\t\t<div class=\"elementor-field-type-recaptcha_v3 elementor-field-group elementor-column elementor-field-group-field_123bf7a elementor-col-100 recaptcha_v3-bottomright\">\n\t\t\t\t\t<div class=\"elementor-field\" id=\"form-field-field_123bf7a\"><div class=\"elementor-g-recaptcha\" data-sitekey=\"6Le00r8nAAAAALA3ebua2nqcSxNHoMv_z6JsKUIy\" data-type=\"v3\" data-action=\"Form\" data-badge=\"bottomright\" data-size=\"invisible\"><\/div><\/div>\t\t\t\t<\/div>\n\t\t\t\t\t\t\t\t<div class=\"elementor-field-type-textarea elementor-field-group elementor-column elementor-field-group-message elementor-col-100\">\n\t\t\t\t\t\t\t\t\t\t\t\t<label for=\"form-field-message\" class=\"elementor-field-label\">\n\t\t\t\t\t\t\t\tMenssagem\t\t\t\t\t\t\t<\/label>\n\t\t\t\t\t\t<textarea class=\"elementor-field-textual elementor-field  elementor-size-sm\" name=\"form_fields[message]\" id=\"form-field-message\" rows=\"4\" placeholder=\"Menssagem\"><\/textarea>\t\t\t\t<\/div>\n\t\t\t\t\t\t\t\t<div class=\"elementor-field-group elementor-column elementor-field-type-submit elementor-col-100 e-form__buttons\">\n\t\t\t\t\t<button class=\"elementor-button elementor-size-sm elementor-animation-grow\" type=\"submit\">\n\t\t\t\t\t\t<span class=\"elementor-button-content-wrapper\">\n\t\t\t\t\t\t\t\t\t\t\t\t\t\t\t<span class=\"elementor-button-icon\">\n\t\t\t\t\t\t\t\t\t<svg aria-hidden=\"true\" class=\"e-font-icon-svg e-far-arrow-alt-circle-right\" viewBox=\"0 0 512 512\" xmlns=\"http:\/\/www.w3.org\/2000\/svg\"><path d=\"M504 256C504 119 393 8 256 8S8 119 8 256s111 248 248 248 248-111 248-248zm-448 0c0-110.5 89.5-200 200-200s200 89.5 200 200-89.5 200-200 200S56 366.5 56 256zm72 20v-40c0-6.6 5.4-12 12-12h116v-67c0-10.7 12.9-16 20.5-8.5l99 99c4.7 4.7 4.7 12.3 0 17l-99 99c-7.6 7.6-20.5 2.2-20.5-8.5v-67H140c-6.6 0-12-5.4-12-12z\"><\/path><\/svg>\t\t\t\t\t\t\t\t\t\t\t\t\t\t\t\t\t<\/span>\n\t\t\t\t\t\t\t\t\t\t\t\t\t\t\t\t\t\t\t\t\t\t<span class=\"elementor-button-text\">Enviar<\/span>\n\t\t\t\t\t\t\t\t\t\t\t\t\t<\/span>\n\t\t\t\t\t<\/button>\n\t\t\t\t<\/div>\n\t\t\t<\/div>\n\t\t<\/form>\n\t\t\t\t\t\t<\/div>\n\t\t\t\t<\/div>\n\t\t\t\t\t<\/div>\n\t\t\t\t<\/div>\n\t\t\t\t\t<\/div>\n\t\t\t\t<\/div>\n\t\t\t\t<\/div>\n\t\t","protected":false},"excerpt":{"rendered":"<p>Contato Se voc\u00ea tiver alguma d\u00favida ou se voc\u00ea quiser fazer um or\u00e7amento, por favor, nos envie uma mensagem. N\u00f3s responderemos em 24h ou menos. WhatsApp e-mail: info@rbsounds.com conversar no skype Tamb\u00e9m temos um n\u00famero americano, entre em contato por SMS ou WhatsApp (preferivelmente): +1 (470) 615 \u2013 4651 +1 (470) 615 \u2013 4651 (WhatsApp) [&hellip;]<\/p>\n","protected":false},"author":1,"featured_media":0,"parent":0,"menu_order":0,"comment_status":"closed","ping_status":"closed","template":"","meta":{"inline_featured_image":false,"_joinchat":[],"footnotes":""},"class_list":["post-509","page","type-page","status-publish","hentry"],"yoast_head":"<!-- This site is optimized with the Yoast SEO plugin v24.1 - https:\/\/yoast.com\/wordpress\/plugins\/seo\/ -->\n<title>Contato - Music Production | Produ\u00e7\u00e3o Musical | RBSOUNDS<\/title>\n<meta name=\"robots\" content=\"index, follow, max-snippet:-1, max-image-preview:large, max-video-preview:-1\" \/>\n<link rel=\"canonical\" href=\"https:\/\/rbsounds.com\/pt-br\/contato\/\" \/>\n<meta property=\"og:locale\" content=\"pt_BR\" \/>\n<meta property=\"og:type\" content=\"article\" \/>\n<meta property=\"og:title\" content=\"Contato - Music Production | Produ\u00e7\u00e3o Musical | RBSOUNDS\" \/>\n<meta property=\"og:description\" content=\"Contato Se voc\u00ea tiver alguma d\u00favida ou se voc\u00ea quiser fazer um or\u00e7amento, por favor, nos envie uma mensagem. N\u00f3s responderemos em 24h ou menos. WhatsApp e-mail: info@rbsounds.com conversar no skype Tamb\u00e9m temos um n\u00famero americano, entre em contato por SMS ou WhatsApp (preferivelmente): +1 (470) 615 \u2013 4651 +1 (470) 615 \u2013 4651 (WhatsApp) [&hellip;]\" \/>\n<meta property=\"og:url\" content=\"https:\/\/rbsounds.com\/pt-br\/contato\/\" \/>\n<meta property=\"og:site_name\" content=\"Music Production | Produ\u00e7\u00e3o Musical | RBSOUNDS\" \/>\n<meta property=\"article:publisher\" content=\"http:\/\/facebook.com\/rbsoundsmusic\" \/>\n<meta property=\"article:modified_time\" content=\"2024-09-15T03:18:49+00:00\" \/>\n<meta property=\"og:image\" content=\"https:\/\/rbsounds.com\/wp-content\/uploads\/2024\/09\/rbsounds-sessions2-lr.png\" \/>\n<meta name=\"twitter:card\" content=\"summary_large_image\" \/>\n<meta name=\"twitter:site\" content=\"@raphaelbegosso\" \/>\n<script type=\"application\/ld+json\" class=\"yoast-schema-graph\">{\"@context\":\"https:\/\/schema.org\",\"@graph\":[{\"@type\":\"WebPage\",\"@id\":\"https:\/\/rbsounds.com\/pt-br\/contato\/\",\"url\":\"https:\/\/rbsounds.com\/pt-br\/contato\/\",\"name\":\"Contato - Music Production | Produ\u00e7\u00e3o Musical | RBSOUNDS\",\"isPartOf\":{\"@id\":\"https:\/\/rbsounds.com\/pt-br\/#website\"},\"primaryImageOfPage\":{\"@id\":\"https:\/\/rbsounds.com\/pt-br\/contato\/#primaryimage\"},\"image\":{\"@id\":\"https:\/\/rbsounds.com\/pt-br\/contato\/#primaryimage\"},\"thumbnailUrl\":\"https:\/\/rbsounds.com\/wp-content\/uploads\/2024\/09\/rbsounds-sessions2-lr.png\",\"datePublished\":\"2023-08-13T18:22:59+00:00\",\"dateModified\":\"2024-09-15T03:18:49+00:00\",\"breadcrumb\":{\"@id\":\"https:\/\/rbsounds.com\/pt-br\/contato\/#breadcrumb\"},\"inLanguage\":\"pt-BR\",\"potentialAction\":[{\"@type\":\"ReadAction\",\"target\":[\"https:\/\/rbsounds.com\/pt-br\/contato\/\"]}]},{\"@type\":\"ImageObject\",\"inLanguage\":\"pt-BR\",\"@id\":\"https:\/\/rbsounds.com\/pt-br\/contato\/#primaryimage\",\"url\":\"https:\/\/rbsounds.com\/wp-content\/uploads\/2024\/09\/rbsounds-sessions2-lr.png\",\"contentUrl\":\"https:\/\/rbsounds.com\/wp-content\/uploads\/2024\/09\/rbsounds-sessions2-lr.png\"},{\"@type\":\"BreadcrumbList\",\"@id\":\"https:\/\/rbsounds.com\/pt-br\/contato\/#breadcrumb\",\"itemListElement\":[{\"@type\":\"ListItem\",\"position\":1,\"name\":\"Home\",\"item\":\"https:\/\/rbsounds.com\/pt-br\/home\/\"},{\"@type\":\"ListItem\",\"position\":2,\"name\":\"Contato\"}]},{\"@type\":\"WebSite\",\"@id\":\"https:\/\/rbsounds.com\/pt-br\/#website\",\"url\":\"https:\/\/rbsounds.com\/pt-br\/\",\"name\":\"Music Production | Produ\u00e7\u00e3o Musical | RBSOUNDS\",\"description\":\"We make your musical projects come true - production and recording | N\u00f3s realizamos o seu projeto musical - produ\u00e7\u00e3o, grava\u00e7\u00e3o e lan\u00e7amentos\",\"publisher\":{\"@id\":\"https:\/\/rbsounds.com\/pt-br\/#organization\"},\"potentialAction\":[{\"@type\":\"SearchAction\",\"target\":{\"@type\":\"EntryPoint\",\"urlTemplate\":\"https:\/\/rbsounds.com\/pt-br\/?s={search_term_string}\"},\"query-input\":{\"@type\":\"PropertyValueSpecification\",\"valueRequired\":true,\"valueName\":\"search_term_string\"}}],\"inLanguage\":\"pt-BR\"},{\"@type\":\"Organization\",\"@id\":\"https:\/\/rbsounds.com\/pt-br\/#organization\",\"name\":\"Music Production | Produ\u00e7\u00e3o Musical | RBSOUNDS\",\"url\":\"https:\/\/rbsounds.com\/pt-br\/\",\"logo\":{\"@type\":\"ImageObject\",\"inLanguage\":\"pt-BR\",\"@id\":\"https:\/\/rbsounds.com\/pt-br\/#\/schema\/logo\/image\/\",\"url\":\"https:\/\/rbsounds.com\/wp-content\/uploads\/2023\/08\/main-logo-black-typo.svg\",\"contentUrl\":\"https:\/\/rbsounds.com\/wp-content\/uploads\/2023\/08\/main-logo-black-typo.svg\",\"width\":100,\"height\":100,\"caption\":\"Music Production | Produ\u00e7\u00e3o Musical | RBSOUNDS\"},\"image\":{\"@id\":\"https:\/\/rbsounds.com\/pt-br\/#\/schema\/logo\/image\/\"},\"sameAs\":[\"http:\/\/facebook.com\/rbsoundsmusic\",\"https:\/\/x.com\/raphaelbegosso\",\"http:\/\/instagram.com\/raphaelbegosso\/\",\"http:\/\/youtube.com\/rbsoundsmusic\",\"http:\/\/www.tiktok.com\/@raphaelbegosso\"]}]}<\/script>\n<!-- \/ Yoast SEO plugin. -->","yoast_head_json":{"title":"Contato - Music Production | Produ\u00e7\u00e3o Musical | RBSOUNDS","robots":{"index":"index","follow":"follow","max-snippet":"max-snippet:-1","max-image-preview":"max-image-preview:large","max-video-preview":"max-video-preview:-1"},"canonical":"https:\/\/rbsounds.com\/pt-br\/contato\/","og_locale":"pt_BR","og_type":"article","og_title":"Contato - Music Production | Produ\u00e7\u00e3o Musical | RBSOUNDS","og_description":"Contato Se voc\u00ea tiver alguma d\u00favida ou se voc\u00ea quiser fazer um or\u00e7amento, por favor, nos envie uma mensagem. N\u00f3s responderemos em 24h ou menos. WhatsApp e-mail: info@rbsounds.com conversar no skype Tamb\u00e9m temos um n\u00famero americano, entre em contato por SMS ou WhatsApp (preferivelmente): +1 (470) 615 \u2013 4651 +1 (470) 615 \u2013 4651 (WhatsApp) [&hellip;]","og_url":"https:\/\/rbsounds.com\/pt-br\/contato\/","og_site_name":"Music Production | Produ\u00e7\u00e3o Musical | RBSOUNDS","article_publisher":"http:\/\/facebook.com\/rbsoundsmusic","article_modified_time":"2024-09-15T03:18:49+00:00","og_image":[{"url":"https:\/\/rbsounds.com\/wp-content\/uploads\/2024\/09\/rbsounds-sessions2-lr.png","type":"","width":"","height":""}],"twitter_card":"summary_large_image","twitter_site":"@raphaelbegosso","schema":{"@context":"https:\/\/schema.org","@graph":[{"@type":"WebPage","@id":"https:\/\/rbsounds.com\/pt-br\/contato\/","url":"https:\/\/rbsounds.com\/pt-br\/contato\/","name":"Contato - Music Production | Produ\u00e7\u00e3o Musical | RBSOUNDS","isPartOf":{"@id":"https:\/\/rbsounds.com\/pt-br\/#website"},"primaryImageOfPage":{"@id":"https:\/\/rbsounds.com\/pt-br\/contato\/#primaryimage"},"image":{"@id":"https:\/\/rbsounds.com\/pt-br\/contato\/#primaryimage"},"thumbnailUrl":"https:\/\/rbsounds.com\/wp-content\/uploads\/2024\/09\/rbsounds-sessions2-lr.png","datePublished":"2023-08-13T18:22:59+00:00","dateModified":"2024-09-15T03:18:49+00:00","breadcrumb":{"@id":"https:\/\/rbsounds.com\/pt-br\/contato\/#breadcrumb"},"inLanguage":"pt-BR","potentialAction":[{"@type":"ReadAction","target":["https:\/\/rbsounds.com\/pt-br\/contato\/"]}]},{"@type":"ImageObject","inLanguage":"pt-BR","@id":"https:\/\/rbsounds.com\/pt-br\/contato\/#primaryimage","url":"https:\/\/rbsounds.com\/wp-content\/uploads\/2024\/09\/rbsounds-sessions2-lr.png","contentUrl":"https:\/\/rbsounds.com\/wp-content\/uploads\/2024\/09\/rbsounds-sessions2-lr.png"},{"@type":"BreadcrumbList","@id":"https:\/\/rbsounds.com\/pt-br\/contato\/#breadcrumb","itemListElement":[{"@type":"ListItem","position":1,"name":"Home","item":"https:\/\/rbsounds.com\/pt-br\/home\/"},{"@type":"ListItem","position":2,"name":"Contato"}]},{"@type":"WebSite","@id":"https:\/\/rbsounds.com\/pt-br\/#website","url":"https:\/\/rbsounds.com\/pt-br\/","name":"Music Production | Produ\u00e7\u00e3o Musical | RBSOUNDS","description":"We make your musical projects come true - production and recording | N\u00f3s realizamos o seu projeto musical - produ\u00e7\u00e3o, grava\u00e7\u00e3o e lan\u00e7amentos","publisher":{"@id":"https:\/\/rbsounds.com\/pt-br\/#organization"},"potentialAction":[{"@type":"SearchAction","target":{"@type":"EntryPoint","urlTemplate":"https:\/\/rbsounds.com\/pt-br\/?s={search_term_string}"},"query-input":{"@type":"PropertyValueSpecification","valueRequired":true,"valueName":"search_term_string"}}],"inLanguage":"pt-BR"},{"@type":"Organization","@id":"https:\/\/rbsounds.com\/pt-br\/#organization","name":"Music Production | Produ\u00e7\u00e3o Musical | RBSOUNDS","url":"https:\/\/rbsounds.com\/pt-br\/","logo":{"@type":"ImageObject","inLanguage":"pt-BR","@id":"https:\/\/rbsounds.com\/pt-br\/#\/schema\/logo\/image\/","url":"https:\/\/rbsounds.com\/wp-content\/uploads\/2023\/08\/main-logo-black-typo.svg","contentUrl":"https:\/\/rbsounds.com\/wp-content\/uploads\/2023\/08\/main-logo-black-typo.svg","width":100,"height":100,"caption":"Music Production | Produ\u00e7\u00e3o Musical | RBSOUNDS"},"image":{"@id":"https:\/\/rbsounds.com\/pt-br\/#\/schema\/logo\/image\/"},"sameAs":["http:\/\/facebook.com\/rbsoundsmusic","https:\/\/x.com\/raphaelbegosso","http:\/\/instagram.com\/raphaelbegosso\/","http:\/\/youtube.com\/rbsoundsmusic","http:\/\/www.tiktok.com\/@raphaelbegosso"]}]}},"_links":{"self":[{"href":"https:\/\/rbsounds.com\/pt-br\/wp-json\/wp\/v2\/pages\/509","targetHints":{"allow":["GET"]}}],"collection":[{"href":"https:\/\/rbsounds.com\/pt-br\/wp-json\/wp\/v2\/pages"}],"about":[{"href":"https:\/\/rbsounds.com\/pt-br\/wp-json\/wp\/v2\/types\/page"}],"author":[{"embeddable":true,"href":"https:\/\/rbsounds.com\/pt-br\/wp-json\/wp\/v2\/users\/1"}],"replies":[{"embeddable":true,"href":"https:\/\/rbsounds.com\/pt-br\/wp-json\/wp\/v2\/comments?post=509"}],"version-history":[{"count":15,"href":"https:\/\/rbsounds.com\/pt-br\/wp-json\/wp\/v2\/pages\/509\/revisions"}],"predecessor-version":[{"id":865,"href":"https:\/\/rbsounds.com\/pt-br\/wp-json\/wp\/v2\/pages\/509\/revisions\/865"}],"wp:attachment":[{"href":"https:\/\/rbsounds.com\/pt-br\/wp-json\/wp\/v2\/media?parent=509"}],"curies":[{"name":"wp","href":"https:\/\/api.w.org\/{rel}","templated":true}]}}