{"id":459,"date":"2023-08-13T15:22:08","date_gmt":"2023-08-13T18:22:08","guid":{"rendered":"https:\/\/rbsounds.com\/sobre-nos\/"},"modified":"2024-09-15T00:16:07","modified_gmt":"2024-09-15T03:16:07","slug":"sobre-nos","status":"publish","type":"page","link":"https:\/\/rbsounds.com\/pt-br\/sobre-nos\/","title":{"rendered":"Sobre N\u00f3s"},"content":{"rendered":"\t\t<div data-elementor-type=\"wp-page\" data-elementor-id=\"459\" class=\"elementor elementor-459 elementor-28\" data-elementor-post-type=\"page\">\n\t\t\t\t<div class=\"elementor-element elementor-element-10ae1d4 e-con-full e-flex e-con e-parent\" data-id=\"10ae1d4\" data-element_type=\"container\">\n\t\t\t\t<div class=\"elementor-element elementor-element-1ffa676 elementor-widget elementor-widget-image\" data-id=\"1ffa676\" data-element_type=\"widget\" data-widget_type=\"image.default\">\n\t\t\t\t<div class=\"elementor-widget-container\">\n\t\t\t\t\t\t\t\t\t\t\t\t\t\t\t<img fetchpriority=\"high\" decoding=\"async\" width=\"1920\" height=\"500\" src=\"https:\/\/rbsounds.com\/wp-content\/uploads\/2024\/09\/rbsounds-sessions2-lr.png\" class=\"attachment-full size-full wp-image-848\" alt=\"Music Production, Composition and Events | RBSOUNDS\" srcset=\"https:\/\/rbsounds.com\/wp-content\/uploads\/2024\/09\/rbsounds-sessions2-lr.png 1920w, https:\/\/rbsounds.com\/wp-content\/uploads\/2024\/09\/rbsounds-sessions2-lr-300x78.png 300w, https:\/\/rbsounds.com\/wp-content\/uploads\/2024\/09\/rbsounds-sessions2-lr-1024x267.png 1024w, https:\/\/rbsounds.com\/wp-content\/uploads\/2024\/09\/rbsounds-sessions2-lr-768x200.png 768w, https:\/\/rbsounds.com\/wp-content\/uploads\/2024\/09\/rbsounds-sessions2-lr-1536x400.png 1536w\" sizes=\"(max-width: 1920px) 100vw, 1920px\" \/>\t\t\t\t\t\t\t\t\t\t\t\t\t\t\t<\/div>\n\t\t\t\t<\/div>\n\t\t\t\t<div class=\"elementor-element elementor-element-40c7ad9 elementor-widget elementor-widget-heading\" data-id=\"40c7ad9\" data-element_type=\"widget\" data-widget_type=\"heading.default\">\n\t\t\t\t<div class=\"elementor-widget-container\">\n\t\t\t\t\t<h1 class=\"elementor-heading-title elementor-size-default\">Sobre N\u00f3s<\/h1>\t\t\t\t<\/div>\n\t\t\t\t<\/div>\n\t\t\t\t<\/div>\n\t\t<div class=\"elementor-element elementor-element-559fa5c e-flex e-con-boxed e-con e-parent\" data-id=\"559fa5c\" data-element_type=\"container\">\n\t\t\t\t\t<div class=\"e-con-inner\">\n\t\t<div class=\"elementor-element elementor-element-a9440bc e-flex e-con-boxed e-con e-child\" data-id=\"a9440bc\" data-element_type=\"container\">\n\t\t\t\t\t<div class=\"e-con-inner\">\n\t\t\t\t<div class=\"elementor-element elementor-element-9e5b31e elementor-widget__width-initial elementor-widget elementor-widget-heading\" data-id=\"9e5b31e\" data-element_type=\"widget\" data-widget_type=\"heading.default\">\n\t\t\t\t<div class=\"elementor-widget-container\">\n\t\t\t\t\t<h2 class=\"elementor-heading-title elementor-size-default\">Raphael Begosso<\/h2>\t\t\t\t<\/div>\n\t\t\t\t<\/div>\n\t\t\t\t<div class=\"elementor-element elementor-element-2116de0 elementor-widget__width-inherit elementor-widget elementor-widget-heading\" data-id=\"2116de0\" data-element_type=\"widget\" data-widget_type=\"heading.default\">\n\t\t\t\t<div class=\"elementor-widget-container\">\n\t\t\t\t\t<h2 class=\"elementor-heading-title elementor-size-default\">\u2013 Vocal coach, compositor e produtor<\/h2>\t\t\t\t<\/div>\n\t\t\t\t<\/div>\n\t\t\t\t<div class=\"elementor-element elementor-element-f935928 elementor-widget__width-initial elementor-widget-mobile__width-inherit elementor-widget elementor-widget-text-editor\" data-id=\"f935928\" data-element_type=\"widget\" data-widget_type=\"text-editor.default\">\n\t\t\t\t<div class=\"elementor-widget-container\">\n\t\t\t\t\t\t\t\t\t<div class=\"elementor-element elementor-element-33937c5 elementor-widget elementor-widget-text-editor\" data-id=\"33937c5\" data-element_type=\"widget\" data-widget_type=\"text-editor.default\">\n<div class=\"elementor-widget-container\">\n<div class=\"elementor-element elementor-element-61414642 elementor-widget elementor-widget-text-editor\" data-id=\"61414642\" data-element_type=\"widget\" data-widget_type=\"text-editor.default\">\n<div class=\"elementor-widget-container\">\n<div class=\"elementor-text-editor elementor-clearfix\">\n<p>Formado em M\u00fasica com habilita\u00e7\u00e3o em Composi\u00e7\u00e3o e Reg\u00eancia pela <strong>Universidade Estadual Paulista (UNESP)<\/strong>, a melhor faculdade de m\u00fasica do Brazil. Como um dos melhores alunos de sua turma, conseguiu uma bolsa da CNPQ e foi convidado para integrar um grupo de pesquisa cient\u00edfica conhecito como PET. Raphael trabalhou como diretor, arranjador, e produtor de muitos grupos vocais e corais. Seu grupo <strong>CantaMais<\/strong> fez shows por v\u00e1rias cidades de S\u00e3p Pauloe foi convidado para fazer uma participa\u00e7\u00e3o <strong>num programa de TV chamado Programa do J\u00f4<\/strong> da rede Globo de televis\u00e3o (voc\u00ea pode achar esse v\u00eddeo em nosso canal do YouTube). Ele estuda voz desde 1998 e \u00e9 um vocal coach dede 2002. Estudou tamab\u00e9m piano, guitarra, viol\u00e3o erudito e canto coral na <strong>Escola de M\u00fasica do Estado de S\u00e3o Paulo<\/strong> (antiga ULM). Um dos grandes mentores de Raphael \u00e9 Brett Manning que aplica o <strong>Singing Success<\/strong> \u2013 m\u00e9todo de efici\u00eancia comprovada e usado por v\u00e1rios cantores famosos e ganhadores de pr\u00eamios <strong>Grammy<\/strong><strong>,<\/strong> MCA Awards and Dove como<strong>Hayley Williams (Paramore), Taylor Swift, Keith Urban, Mark Kibble and Claude Mcknight (Take 6), Michael Barnes, Luke Bryan <\/strong>entre outros.<\/p>\n<\/div>\n<\/div>\n<\/div>\n<\/div>\n<\/div>\n\t\t\t\t\t\t\t\t<\/div>\n\t\t\t\t<\/div>\n\t\t\t\t<div class=\"elementor-element elementor-element-593dbc1 elementor-widget elementor-widget-image\" data-id=\"593dbc1\" data-element_type=\"widget\" data-widget_type=\"image.default\">\n\t\t\t\t<div class=\"elementor-widget-container\">\n\t\t\t\t\t\t\t\t\t\t\t\t\t\t\t<img decoding=\"async\" width=\"329\" height=\"392\" data-src=\"https:\/\/rbsounds.com\/wp-content\/uploads\/2023\/08\/Alunos_Raphael-70-edited.jpeg\" class=\"attachment-full size-full wp-image-451 lazyload\" alt=\"Produ\u00e7\u00e3o Musical, Composi\u00e7\u00e3o e Eventos | RBSOUNDS\" data-srcset=\"https:\/\/rbsounds.com\/wp-content\/uploads\/2023\/08\/Alunos_Raphael-70-edited.jpeg 329w, https:\/\/rbsounds.com\/wp-content\/uploads\/2023\/08\/Alunos_Raphael-70-edited-252x300.jpeg 252w\" data-sizes=\"(max-width: 329px) 100vw, 329px\" src=\"data:image\/gif;base64,R0lGODlhAQABAAAAACH5BAEKAAEALAAAAAABAAEAAAICTAEAOw==\" style=\"--smush-placeholder-width: 329px; --smush-placeholder-aspect-ratio: 329\/392;\" \/><noscript><img decoding=\"async\" width=\"329\" height=\"392\" src=\"https:\/\/rbsounds.com\/wp-content\/uploads\/2023\/08\/Alunos_Raphael-70-edited.jpeg\" class=\"attachment-full size-full wp-image-451\" alt=\"Produ\u00e7\u00e3o Musical, Composi\u00e7\u00e3o e Eventos | RBSOUNDS\" srcset=\"https:\/\/rbsounds.com\/wp-content\/uploads\/2023\/08\/Alunos_Raphael-70-edited.jpeg 329w, https:\/\/rbsounds.com\/wp-content\/uploads\/2023\/08\/Alunos_Raphael-70-edited-252x300.jpeg 252w\" sizes=\"(max-width: 329px) 100vw, 329px\" \/><\/noscript>\t\t\t\t\t\t\t\t\t\t\t\t\t\t\t<\/div>\n\t\t\t\t<\/div>\n\t\t\t\t\t<\/div>\n\t\t\t\t<\/div>\n\t\t\t\t\t<\/div>\n\t\t\t\t<\/div>\n\t\t\t\t<\/div>\n\t\t","protected":false},"excerpt":{"rendered":"<p>Sobre N\u00f3s Raphael Begosso \u2013 Vocal coach, compositor e produtor Formado em M\u00fasica com habilita\u00e7\u00e3o em Composi\u00e7\u00e3o e Reg\u00eancia pela Universidade Estadual Paulista (UNESP), a melhor faculdade de m\u00fasica do Brazil. Como um dos melhores alunos de sua turma, conseguiu uma bolsa da CNPQ e foi convidado para integrar um grupo de pesquisa cient\u00edfica conhecito [&hellip;]<\/p>\n","protected":false},"author":1,"featured_media":0,"parent":0,"menu_order":0,"comment_status":"closed","ping_status":"closed","template":"","meta":{"inline_featured_image":false,"_joinchat":[],"footnotes":""},"class_list":["post-459","page","type-page","status-publish","hentry"],"yoast_head":"<!-- This site is optimized with the Yoast SEO plugin v24.1 - https:\/\/yoast.com\/wordpress\/plugins\/seo\/ -->\n<title>Sobre N\u00f3s - Music Production | Produ\u00e7\u00e3o Musical | RBSOUNDS<\/title>\n<meta name=\"robots\" content=\"index, follow, max-snippet:-1, max-image-preview:large, max-video-preview:-1\" \/>\n<link rel=\"canonical\" href=\"https:\/\/rbsounds.com\/pt-br\/sobre-nos\/\" \/>\n<meta property=\"og:locale\" content=\"pt_BR\" \/>\n<meta property=\"og:type\" content=\"article\" \/>\n<meta property=\"og:title\" content=\"Sobre N\u00f3s - Music Production | Produ\u00e7\u00e3o Musical | RBSOUNDS\" \/>\n<meta property=\"og:description\" content=\"Sobre N\u00f3s Raphael Begosso \u2013 Vocal coach, compositor e produtor Formado em M\u00fasica com habilita\u00e7\u00e3o em Composi\u00e7\u00e3o e Reg\u00eancia pela Universidade Estadual Paulista (UNESP), a melhor faculdade de m\u00fasica do Brazil. Como um dos melhores alunos de sua turma, conseguiu uma bolsa da CNPQ e foi convidado para integrar um grupo de pesquisa cient\u00edfica conhecito [&hellip;]\" \/>\n<meta property=\"og:url\" content=\"https:\/\/rbsounds.com\/pt-br\/sobre-nos\/\" \/>\n<meta property=\"og:site_name\" content=\"Music Production | Produ\u00e7\u00e3o Musical | RBSOUNDS\" \/>\n<meta property=\"article:publisher\" content=\"http:\/\/facebook.com\/rbsoundsmusic\" \/>\n<meta property=\"article:modified_time\" content=\"2024-09-15T03:16:07+00:00\" \/>\n<meta property=\"og:image\" content=\"https:\/\/rbsounds.com\/wp-content\/uploads\/2024\/09\/rbsounds-sessions2-lr.png\" \/>\n<meta name=\"twitter:card\" content=\"summary_large_image\" \/>\n<meta name=\"twitter:site\" content=\"@raphaelbegosso\" \/>\n<meta name=\"twitter:label1\" content=\"Est. tempo de leitura\" \/>\n\t<meta name=\"twitter:data1\" content=\"1 minuto\" \/>\n<script type=\"application\/ld+json\" class=\"yoast-schema-graph\">{\"@context\":\"https:\/\/schema.org\",\"@graph\":[{\"@type\":\"WebPage\",\"@id\":\"https:\/\/rbsounds.com\/pt-br\/sobre-nos\/\",\"url\":\"https:\/\/rbsounds.com\/pt-br\/sobre-nos\/\",\"name\":\"Sobre N\u00f3s - Music Production | Produ\u00e7\u00e3o Musical | RBSOUNDS\",\"isPartOf\":{\"@id\":\"https:\/\/rbsounds.com\/pt-br\/#website\"},\"primaryImageOfPage\":{\"@id\":\"https:\/\/rbsounds.com\/pt-br\/sobre-nos\/#primaryimage\"},\"image\":{\"@id\":\"https:\/\/rbsounds.com\/pt-br\/sobre-nos\/#primaryimage\"},\"thumbnailUrl\":\"https:\/\/rbsounds.com\/wp-content\/uploads\/2024\/09\/rbsounds-sessions2-lr.png\",\"datePublished\":\"2023-08-13T18:22:08+00:00\",\"dateModified\":\"2024-09-15T03:16:07+00:00\",\"breadcrumb\":{\"@id\":\"https:\/\/rbsounds.com\/pt-br\/sobre-nos\/#breadcrumb\"},\"inLanguage\":\"pt-BR\",\"potentialAction\":[{\"@type\":\"ReadAction\",\"target\":[\"https:\/\/rbsounds.com\/pt-br\/sobre-nos\/\"]}]},{\"@type\":\"ImageObject\",\"inLanguage\":\"pt-BR\",\"@id\":\"https:\/\/rbsounds.com\/pt-br\/sobre-nos\/#primaryimage\",\"url\":\"https:\/\/rbsounds.com\/wp-content\/uploads\/2024\/09\/rbsounds-sessions2-lr.png\",\"contentUrl\":\"https:\/\/rbsounds.com\/wp-content\/uploads\/2024\/09\/rbsounds-sessions2-lr.png\"},{\"@type\":\"BreadcrumbList\",\"@id\":\"https:\/\/rbsounds.com\/pt-br\/sobre-nos\/#breadcrumb\",\"itemListElement\":[{\"@type\":\"ListItem\",\"position\":1,\"name\":\"Home\",\"item\":\"https:\/\/rbsounds.com\/pt-br\/home\/\"},{\"@type\":\"ListItem\",\"position\":2,\"name\":\"Sobre N\u00f3s\"}]},{\"@type\":\"WebSite\",\"@id\":\"https:\/\/rbsounds.com\/pt-br\/#website\",\"url\":\"https:\/\/rbsounds.com\/pt-br\/\",\"name\":\"Music Production | Produ\u00e7\u00e3o Musical | RBSOUNDS\",\"description\":\"We make your musical projects come true - production and recording | N\u00f3s realizamos o seu projeto musical - produ\u00e7\u00e3o, grava\u00e7\u00e3o e lan\u00e7amentos\",\"publisher\":{\"@id\":\"https:\/\/rbsounds.com\/pt-br\/#organization\"},\"potentialAction\":[{\"@type\":\"SearchAction\",\"target\":{\"@type\":\"EntryPoint\",\"urlTemplate\":\"https:\/\/rbsounds.com\/pt-br\/?s={search_term_string}\"},\"query-input\":{\"@type\":\"PropertyValueSpecification\",\"valueRequired\":true,\"valueName\":\"search_term_string\"}}],\"inLanguage\":\"pt-BR\"},{\"@type\":\"Organization\",\"@id\":\"https:\/\/rbsounds.com\/pt-br\/#organization\",\"name\":\"Music Production | Produ\u00e7\u00e3o Musical | RBSOUNDS\",\"url\":\"https:\/\/rbsounds.com\/pt-br\/\",\"logo\":{\"@type\":\"ImageObject\",\"inLanguage\":\"pt-BR\",\"@id\":\"https:\/\/rbsounds.com\/pt-br\/#\/schema\/logo\/image\/\",\"url\":\"https:\/\/rbsounds.com\/wp-content\/uploads\/2023\/08\/main-logo-black-typo.svg\",\"contentUrl\":\"https:\/\/rbsounds.com\/wp-content\/uploads\/2023\/08\/main-logo-black-typo.svg\",\"width\":100,\"height\":100,\"caption\":\"Music Production | Produ\u00e7\u00e3o Musical | RBSOUNDS\"},\"image\":{\"@id\":\"https:\/\/rbsounds.com\/pt-br\/#\/schema\/logo\/image\/\"},\"sameAs\":[\"http:\/\/facebook.com\/rbsoundsmusic\",\"https:\/\/x.com\/raphaelbegosso\",\"http:\/\/instagram.com\/raphaelbegosso\/\",\"http:\/\/youtube.com\/rbsoundsmusic\",\"http:\/\/www.tiktok.com\/@raphaelbegosso\"]}]}<\/script>\n<!-- \/ Yoast SEO plugin. -->","yoast_head_json":{"title":"Sobre N\u00f3s - Music Production | Produ\u00e7\u00e3o Musical | RBSOUNDS","robots":{"index":"index","follow":"follow","max-snippet":"max-snippet:-1","max-image-preview":"max-image-preview:large","max-video-preview":"max-video-preview:-1"},"canonical":"https:\/\/rbsounds.com\/pt-br\/sobre-nos\/","og_locale":"pt_BR","og_type":"article","og_title":"Sobre N\u00f3s - Music Production | Produ\u00e7\u00e3o Musical | RBSOUNDS","og_description":"Sobre N\u00f3s Raphael Begosso \u2013 Vocal coach, compositor e produtor Formado em M\u00fasica com habilita\u00e7\u00e3o em Composi\u00e7\u00e3o e Reg\u00eancia pela Universidade Estadual Paulista (UNESP), a melhor faculdade de m\u00fasica do Brazil. Como um dos melhores alunos de sua turma, conseguiu uma bolsa da CNPQ e foi convidado para integrar um grupo de pesquisa cient\u00edfica conhecito [&hellip;]","og_url":"https:\/\/rbsounds.com\/pt-br\/sobre-nos\/","og_site_name":"Music Production | Produ\u00e7\u00e3o Musical | RBSOUNDS","article_publisher":"http:\/\/facebook.com\/rbsoundsmusic","article_modified_time":"2024-09-15T03:16:07+00:00","og_image":[{"url":"https:\/\/rbsounds.com\/wp-content\/uploads\/2024\/09\/rbsounds-sessions2-lr.png","type":"","width":"","height":""}],"twitter_card":"summary_large_image","twitter_site":"@raphaelbegosso","twitter_misc":{"Est. tempo de leitura":"1 minuto"},"schema":{"@context":"https:\/\/schema.org","@graph":[{"@type":"WebPage","@id":"https:\/\/rbsounds.com\/pt-br\/sobre-nos\/","url":"https:\/\/rbsounds.com\/pt-br\/sobre-nos\/","name":"Sobre N\u00f3s - Music Production | Produ\u00e7\u00e3o Musical | RBSOUNDS","isPartOf":{"@id":"https:\/\/rbsounds.com\/pt-br\/#website"},"primaryImageOfPage":{"@id":"https:\/\/rbsounds.com\/pt-br\/sobre-nos\/#primaryimage"},"image":{"@id":"https:\/\/rbsounds.com\/pt-br\/sobre-nos\/#primaryimage"},"thumbnailUrl":"https:\/\/rbsounds.com\/wp-content\/uploads\/2024\/09\/rbsounds-sessions2-lr.png","datePublished":"2023-08-13T18:22:08+00:00","dateModified":"2024-09-15T03:16:07+00:00","breadcrumb":{"@id":"https:\/\/rbsounds.com\/pt-br\/sobre-nos\/#breadcrumb"},"inLanguage":"pt-BR","potentialAction":[{"@type":"ReadAction","target":["https:\/\/rbsounds.com\/pt-br\/sobre-nos\/"]}]},{"@type":"ImageObject","inLanguage":"pt-BR","@id":"https:\/\/rbsounds.com\/pt-br\/sobre-nos\/#primaryimage","url":"https:\/\/rbsounds.com\/wp-content\/uploads\/2024\/09\/rbsounds-sessions2-lr.png","contentUrl":"https:\/\/rbsounds.com\/wp-content\/uploads\/2024\/09\/rbsounds-sessions2-lr.png"},{"@type":"BreadcrumbList","@id":"https:\/\/rbsounds.com\/pt-br\/sobre-nos\/#breadcrumb","itemListElement":[{"@type":"ListItem","position":1,"name":"Home","item":"https:\/\/rbsounds.com\/pt-br\/home\/"},{"@type":"ListItem","position":2,"name":"Sobre N\u00f3s"}]},{"@type":"WebSite","@id":"https:\/\/rbsounds.com\/pt-br\/#website","url":"https:\/\/rbsounds.com\/pt-br\/","name":"Music Production | Produ\u00e7\u00e3o Musical | RBSOUNDS","description":"We make your musical projects come true - production and recording | N\u00f3s realizamos o seu projeto musical - produ\u00e7\u00e3o, grava\u00e7\u00e3o e lan\u00e7amentos","publisher":{"@id":"https:\/\/rbsounds.com\/pt-br\/#organization"},"potentialAction":[{"@type":"SearchAction","target":{"@type":"EntryPoint","urlTemplate":"https:\/\/rbsounds.com\/pt-br\/?s={search_term_string}"},"query-input":{"@type":"PropertyValueSpecification","valueRequired":true,"valueName":"search_term_string"}}],"inLanguage":"pt-BR"},{"@type":"Organization","@id":"https:\/\/rbsounds.com\/pt-br\/#organization","name":"Music Production | Produ\u00e7\u00e3o Musical | RBSOUNDS","url":"https:\/\/rbsounds.com\/pt-br\/","logo":{"@type":"ImageObject","inLanguage":"pt-BR","@id":"https:\/\/rbsounds.com\/pt-br\/#\/schema\/logo\/image\/","url":"https:\/\/rbsounds.com\/wp-content\/uploads\/2023\/08\/main-logo-black-typo.svg","contentUrl":"https:\/\/rbsounds.com\/wp-content\/uploads\/2023\/08\/main-logo-black-typo.svg","width":100,"height":100,"caption":"Music Production | Produ\u00e7\u00e3o Musical | RBSOUNDS"},"image":{"@id":"https:\/\/rbsounds.com\/pt-br\/#\/schema\/logo\/image\/"},"sameAs":["http:\/\/facebook.com\/rbsoundsmusic","https:\/\/x.com\/raphaelbegosso","http:\/\/instagram.com\/raphaelbegosso\/","http:\/\/youtube.com\/rbsoundsmusic","http:\/\/www.tiktok.com\/@raphaelbegosso"]}]}},"_links":{"self":[{"href":"https:\/\/rbsounds.com\/pt-br\/wp-json\/wp\/v2\/pages\/459","targetHints":{"allow":["GET"]}}],"collection":[{"href":"https:\/\/rbsounds.com\/pt-br\/wp-json\/wp\/v2\/pages"}],"about":[{"href":"https:\/\/rbsounds.com\/pt-br\/wp-json\/wp\/v2\/types\/page"}],"author":[{"embeddable":true,"href":"https:\/\/rbsounds.com\/pt-br\/wp-json\/wp\/v2\/users\/1"}],"replies":[{"embeddable":true,"href":"https:\/\/rbsounds.com\/pt-br\/wp-json\/wp\/v2\/comments?post=459"}],"version-history":[{"count":27,"href":"https:\/\/rbsounds.com\/pt-br\/wp-json\/wp\/v2\/pages\/459\/revisions"}],"predecessor-version":[{"id":864,"href":"https:\/\/rbsounds.com\/pt-br\/wp-json\/wp\/v2\/pages\/459\/revisions\/864"}],"wp:attachment":[{"href":"https:\/\/rbsounds.com\/pt-br\/wp-json\/wp\/v2\/media?parent=459"}],"curies":[{"name":"wp","href":"https:\/\/api.w.org\/{rel}","templated":true}]}}